{"id":89,"date":"2023-04-04T09:32:47","date_gmt":"2023-04-04T07:32:47","guid":{"rendered":"https:\/\/www.anwaltsportal.at\/?page_id=89"},"modified":"2023-05-29T11:34:57","modified_gmt":"2023-05-29T09:34:57","slug":"impressum","status":"publish","type":"page","link":"https:\/\/www.anwaltsportal.at\/index.php\/impressum\/","title":{"rendered":"Impressum"},"content":{"rendered":"\n<div class=\"wp-block-stackable-columns alignfull stk-block-columns stk-has-bottom-separator stk-block stk-fed4be4 stk-block-background\" data-block-id=\"fed4be4\"><style>.stk-fed4be4{background-color:var(--paletteColor1,#1C32C4) !important;min-height:80vh !important;margin-bottom:0px !important}.stk-fed4be4:before{background-color:var(--paletteColor1,#1C32C4) !important}.stk-fed4be4 > .stk-separator__bottom svg{fill:var(--paletteColor1,#1C32C4) !important;filter:drop-shadow(2px 4px 6px #000) !important}<\/style><div class=\"stk-row stk-inner-blocks stk-block-content stk-content-align stk-fed4be4-column alignfull\">\n<div class=\"wp-block-stackable-column stk-block-column stk-column stk-block stk-fca7388\" data-v=\"4\" data-block-id=\"fca7388\"><div class=\"stk-column-wrapper stk-block-column__content stk-container stk-fca7388-container stk--no-background stk--no-padding\"><div class=\"stk-block-content stk-inner-blocks stk-fca7388-inner-blocks\">\n<div class=\"wp-block-stackable-spacer stk-block-spacer stk--no-padding stk-block stk-86c7903\" data-block-id=\"86c7903\"><\/div>\n\n\n\n<div class=\"wp-block-stackable-columns stk-block-columns stk-block stk-99e5efa\" data-block-id=\"99e5efa\"><style>.stk-99e5efa{max-width:90% !important;margin-right:auto !important;margin-bottom:50px !important;margin-left:auto !important}<\/style><div class=\"stk-row stk-inner-blocks stk-block-content stk-content-align stk-99e5efa-column alignfull\">\n<div class=\"wp-block-stackable-column stk-block-column stk-column stk-block stk-5738445\" data-v=\"4\" data-block-id=\"5738445\"><style>.stk-5738445{align-self:center !important}<\/style><div class=\"stk-column-wrapper stk-block-column__content stk-container stk-5738445-container stk--no-background stk--no-padding\"><div class=\"has-text-align-center stk-block-content stk-inner-blocks stk-5738445-inner-blocks\">\n<div class=\"wp-block-stackable-heading stk-block-heading stk-block-heading--v2 stk-block stk-1660280\" id=\"strong-informationspflichten-gemass-5-e-commerce-gesetz-und-offenlegung-gemass-25-mediengesetz-strong\" data-block-id=\"1660280\"><style>.stk-1660280{padding-top:50px !important}.stk-1660280 .stk-block-heading__text{font-size:50px !important;color:var(--paletteColor8,#ffffff) !important;font-weight:bold !important}@media screen and (max-width:1023px){.stk-1660280 .stk-block-heading__text{font-size:50px !important}}<\/style><h1 class=\"stk-block-heading__text has-text-color has-text-align-center\"><strong>Informationspflichten gem\u00e4\u00df \u00a7 5 E-Commerce-Gesetz und Offenlegung gem\u00e4\u00df \u00a7 25 Mediengesetz<\/strong><\/h1><\/div>\n<\/div><\/div><\/div>\n<\/div><\/div>\n\n\n\n<div class=\"wp-block-stackable-columns stk-block-columns stk-block stk-4cf561a\" data-block-id=\"4cf561a\"><style>.stk-4cf561a{margin-bottom:50px !important}<\/style><div class=\"stk-row stk-inner-blocks stk-block-content stk-content-align stk-4cf561a-column alignfull\">\n<div class=\"wp-block-stackable-column stk-block-column stk-column stk-block stk-8dac1e9\" data-v=\"4\" data-block-id=\"8dac1e9\"><style>.stk-8dac1e9{align-self:center !important;max-width:50% !important;margin-right:auto !important;margin-left:auto !important}<\/style><div class=\"stk-column-wrapper stk-block-column__content stk-container stk-8dac1e9-container stk--no-background stk--no-padding\"><div class=\"has-text-align-left stk-block-content stk-inner-blocks stk-8dac1e9-inner-blocks\">\n<p><strong>Firma:<\/strong><\/p>\n\n\n\n<p>Austria Consulting sp. z o. o<\/p>\n\n\n\n<p><strong>Adresse:<\/strong><\/p>\n\n\n\n<p>ul. Powsta\u0144cow 22\/5c, 40-039 Katowice<\/p>\n\n\n\n<p><strong>Telefon:<\/strong><\/p>\n\n\n\n<p>+43 660 9606936<\/p>\n\n\n\n<p><strong>E-mail:<\/strong><\/p>\n\n\n\n<p>vorname [at] nachname [dot] com<\/p>\n\n\n\n<p><strong>Webseite:<\/strong><\/p>\n\n\n\n<p><span style=\"color: var(--paletteColor8, #ffffff);\" class=\"stk-highlight\">www.anwaltsportal.at<\/span><\/p>\n\n\n\n<p><strong>UID<\/strong><\/p>\n\n\n\n<p><span style=\"color: var(--paletteColor8, #ffffff);\" class=\"stk-highlight\">UID\/NIP 9542823783<\/span><\/p>\n\n\n\n<p><strong>Unternehmensgegenstand und Offenlegung gem. \u00a7 25 Abs 4 MedienG:<\/strong><\/p>\n\n\n\n<p>Diese Website enth\u00e4lt Informationen \u00fcber die Schwierigkeiten, die Rechtssuchende bei der Auswahl des richtigen Anwalts bzw. der richtigen Anw\u00e4ltin erfahren. Das Portal<strong><span style=\"color: var(--paletteColor8, #ffffff);\" class=\"stk-highlight\">\u00a0<\/span><a href=\"http:\/\/www.anwaltsportal.at\/\"><span style=\"color: var(--paletteColor8, #ffffff);\" class=\"stk-highlight\">www.anwaltsportal.at<\/span><\/a><span style=\"color: var(--paletteColor8, #ffffff);\" class=\"stk-highlight\">\u00a0<\/span><\/strong>will dar\u00fcber informieren und bei Bedarf Hilfe bei der Auwahl eines Rechtsbeistandes helfen.\u00a0<a href=\"http:\/\/www.anwaltsportal.at\/\"><strong><span style=\"color: var(--paletteColor8, #ffffff);\" class=\"stk-highlight\">www.anwaltsportal.at<\/span><\/strong><\/a>\u00a0ist eine Marke der Austria Consulting sp. z o o. Weder diese Gesellschaft noch das Portal bieten Rechtsberatung oder Rechtsvertretung an; diese Dienstleistungen bleiben den \u00f6sterreichischen Rechtsanw\u00e4lt:innen vorbehalten. Die Austria Consulting sp. z o o. \u00fcbt vielf\u00e4ltige Beratungst\u00e4tigkeiten aus, die im \u00f6ffentlich einsehbaren Gesellschaftsvertrag umschrieben sind.<\/p>\n\n\n\n<p><strong>Copyright:<\/strong><\/p>\n\n\n\n<p>Austria Consulting sp. z o. o<\/p>\n<\/div><\/div><\/div>\n<\/div><\/div>\n<\/div><\/div><\/div>\n<\/div><div class=\"stk-separator stk-separator__bottom\"><div class=\"stk-separator__wrapper\"><svg xmlns=\"http:\/\/www.w3.org\/2000\/svg\" viewBox=\"0 0 1600 200\" class=\"stk-separator__layer-1\" preserveAspectRatio=\"none\" aria-hidden=\"true\"><path class=\"slant-2_svg__st1\" d=\"M1610 39.2V209H-10V39.2l810 118.9 810-118.9z\"><\/path><\/svg><\/div><\/div><\/div>\n","protected":false},"excerpt":{"rendered":"<p>Informationspflichten gem\u00e4\u00df \u00a7 5 E-Commerce-Gesetz und Offenlegung gem\u00e4\u00df \u00a7 25 Mediengesetz Firma: Austria Consulting sp. z o. o Adresse: ul. Powsta\u0144cow 22\/5c, 40-039 Katowice Telefon: +43 660 9606936 E-mail: vorname [at] nachname [dot] com Webseite: www.anwaltsportal.at UID UID\/NIP 9542823783 Unternehmensgegenstand und Offenlegung gem. \u00a7 25 Abs 4 MedienG: Diese Website enth\u00e4lt Informationen \u00fcber die Schwierigkeiten, die Rechtssuchende bei der Auswahl des richtigen Anwalts bzw. der richtigen Anw\u00e4ltin erfahren. Das Portal\u00a0www.anwaltsportal.at\u00a0will dar\u00fcber informieren und bei Bedarf Hilfe bei der Auwahl eines Rechtsbeistandes helfen.\u00a0www.anwaltsportal.at\u00a0ist eine Marke der Austria Consulting sp. z o o. Weder diese Gesellschaft noch das Portal bieten Rechtsberatung oder\u2026<\/p>\n","protected":false},"author":1,"featured_media":0,"parent":0,"menu_order":0,"comment_status":"closed","ping_status":"closed","template":"","meta":[],"blocksy_meta":"","featured_image_urls":{"full":"","thumbnail":"","medium":"","medium_large":"","large":"","1536x1536":"","2048x2048":""},"post_excerpt_stackable":"<p>Informationspflichten gem\u00e4\u00df \u00a7 5 E-Commerce-Gesetz und Offenlegung gem\u00e4\u00df \u00a7 25 Mediengesetz Firma: Austria Consulting sp. z o. o Adresse: ul. Powsta\u0144cow 22\/5c, 40-039 Katowice Telefon: +43 660 9606936 E-mail: vorname [at] nachname [dot] com Webseite: www.anwaltsportal.at UID UID\/NIP 9542823783 Unternehmensgegenstand und Offenlegung gem. \u00a7 25 Abs 4 MedienG: Diese Website enth\u00e4lt Informationen \u00fcber die Schwierigkeiten, die Rechtssuchende bei der Auswahl des richtigen Anwalts bzw. der richtigen Anw\u00e4ltin erfahren. Das Portal\u00a0www.anwaltsportal.at\u00a0will dar\u00fcber informieren und bei Bedarf Hilfe bei der Auwahl eines Rechtsbeistandes helfen.\u00a0www.anwaltsportal.at\u00a0ist eine Marke der Austria Consulting sp. z o o. Weder diese Gesellschaft noch das Portal bieten Rechtsberatung oder&hellip;<\/p>\n","category_list":"","author_info":{"name":"natalia.kaniak@stianmedia.pl","url":"https:\/\/www.anwaltsportal.at\/index.php\/author\/natalia-kaniakstianmedia-pl\/"},"comments_num":"0 comments","_links":{"self":[{"href":"https:\/\/www.anwaltsportal.at\/index.php\/wp-json\/wp\/v2\/pages\/89"}],"collection":[{"href":"https:\/\/www.anwaltsportal.at\/index.php\/wp-json\/wp\/v2\/pages"}],"about":[{"href":"https:\/\/www.anwaltsportal.at\/index.php\/wp-json\/wp\/v2\/types\/page"}],"author":[{"embeddable":true,"href":"https:\/\/www.anwaltsportal.at\/index.php\/wp-json\/wp\/v2\/users\/1"}],"replies":[{"embeddable":true,"href":"https:\/\/www.anwaltsportal.at\/index.php\/wp-json\/wp\/v2\/comments?post=89"}],"version-history":[{"count":3,"href":"https:\/\/www.anwaltsportal.at\/index.php\/wp-json\/wp\/v2\/pages\/89\/revisions"}],"predecessor-version":[{"id":311,"href":"https:\/\/www.anwaltsportal.at\/index.php\/wp-json\/wp\/v2\/pages\/89\/revisions\/311"}],"wp:attachment":[{"href":"https:\/\/www.anwaltsportal.at\/index.php\/wp-json\/wp\/v2\/media?parent=89"}],"curies":[{"name":"wp","href":"https:\/\/api.w.org\/{rel}","templated":true}]}}