{"id":87,"date":"2023-04-04T09:31:58","date_gmt":"2023-04-04T07:31:58","guid":{"rendered":"https:\/\/www.anwaltsportal.at\/?page_id=87"},"modified":"2023-04-05T16:33:04","modified_gmt":"2023-04-05T14:33:04","slug":"datenschutz","status":"publish","type":"page","link":"https:\/\/www.anwaltsportal.at\/index.php\/datenschutz\/","title":{"rendered":"Datenschutz"},"content":{"rendered":"\n<div class=\"wp-block-stackable-columns alignfull stk-block-columns stk-has-bottom-separator stk-block stk-fed4be4 stk-block-background\" data-block-id=\"fed4be4\"><style>.stk-fed4be4{background-color:var(--paletteColor1,#1C32C4) !important;margin-bottom:0px !important}.stk-fed4be4:before{background-color:var(--paletteColor1,#1C32C4) !important}.stk-fed4be4 > .stk-separator__bottom svg{fill:var(--paletteColor1,#1C32C4) !important;filter:drop-shadow(2px 4px 6px #000) !important}<\/style><div class=\"stk-row stk-inner-blocks stk-block-content stk-content-align stk-fed4be4-column alignfull\">\n<div class=\"wp-block-stackable-column stk-block-column stk-block-column--v3 stk-column stk-block-column--v2 stk-block stk-fca7388\" data-block-id=\"fca7388\"><style>.stk-fca7388-container{max-width:60% !important;margin-right:auto !important;margin-left:auto !important}<\/style><div class=\"stk-column-wrapper stk-block-column__content stk-container stk-fca7388-container stk--no-background stk--no-padding\"><div class=\"stk-block-content stk-inner-blocks stk-fca7388-inner-blocks\">\n<div class=\"wp-block-stackable-spacer stk-block-spacer stk--no-padding stk-block stk-87e2796\" data-block-id=\"87e2796\"><style>.stk-87e2796{height:100px !important}<\/style><\/div>\n\n\n\n<p class=\"has-palette-color-8-color has-text-color\">Trotz sorgf\u00e4ltiger inhaltlicher Kontrolle \u00fcbernehmen wir keine Haftung f\u00fcr die Inhalte externer Links. F\u00fcr den Inhalt der verlinkten Seiten sind ausschlie\u00dflich deren Betreiber verantwortlich.<\/p>\n\n\n\n<p class=\"has-palette-color-8-color has-text-color\">Diese Website benutzt Google Analytics, einen Webanalysedienst der Google Inc. (\u201eGoogle\u201c). Google Analytics verwendet sog. \u201eCookies\u201c, Textdateien, die auf Ihrem Computer gespeichert werden und die eine Analyse der Benutzung der Website durch Sie erm\u00f6glichen. Die durch den Cookie erzeugten Informationen \u00fcber Ihre Benutzung dieser Website (einschlie\u00dflich Ihrer IP-Adresse) wird an einen Server von Google in den USA \u00fcbertragen und dort gespeichert. Google wird diese Informationen benutzen, um Ihre Nutzung der Website auszuwerten, um Reports \u00fcber die Websiteaktivit\u00e4ten f\u00fcr die Websitebetreiber zusammenzustellen und um weitere mit der Websitenutzung und der Internetnutzung verbundene Dienstleistungen zu erbringen. Auch wird Google diese Informationen gegebenenfalls an Dritte \u00fcbertragen, sofern dies gesetzlich vorgeschrieben oder soweit Dritte diese Daten im Auftrag von Google verarbeiten. Google wird in keinem Fall Ihre IP-Adresse mit anderen Daten von Google in Verbindung bringen. Sie k\u00f6nnen die Installation der Cookies durch eine entsprechende Einstellung Ihrer Browser Software verhindern; wir weisen Sie jedoch darauf hin, dass Sie in diesem Fall gegebenenfalls nicht s\u00e4mtliche Funktionen dieser Website vollumf\u00e4nglich nutzen k\u00f6nnen. Durch die Nutzung dieser Website erkl\u00e4ren Sie sich mit der Bearbeitung der \u00fcber Sie erhobenen Daten durch Google in der zuvor beschriebenen Art und Weise und zu dem zuvor benannten Zweck einverstanden.<\/p>\n\n\n\n<p class=\"has-palette-color-8-color has-text-color has-link-color wp-elements-180389c9bd998c19b01034047c4bfcca\">Sie k\u00f6nnen mit Hilfe dieser<span style=\"color: var(--paletteColor8, #ffffff);\" class=\"stk-highlight\">&nbsp;<a href=\"https:\/\/tools.google.com\/dlpage\/gaoptout?hl=de\"><strong>Anleitung<\/strong><\/a>&nbsp;<\/span>die Verwendung von Google Analytics in Ihrem Browser deaktivieren.<\/p>\n\n\n\n<p class=\"has-palette-color-8-color has-text-color\"><strong>Datenschutzbestimmungen<\/strong><\/p>\n\n\n\n<p class=\"has-palette-color-8-color has-text-color\">Austria consulting sp. z o. o. (ul. Powsta\u0144cow 22\/5c, 40-039 Katowice) h\u00e4lt sich bei der Speicherung und Verarbeitung der Daten an das Datenschutzgesetz 2000 und an die DSGVO. Durch die Verwendung der Dienste des Schiedrichters erkl\u00e4rt sich der\/die UserIn mit der Speicherung und Verarbeitung der bekannt gegebenen und \u00fcbermittelten Daten sowie mit der \u00dcbermittlung von Informationsmaterial (via Post, E-Mail, Telefon, Fax, SMS\/MMS) durch den Schiedsrichter einverstanden.<\/p>\n\n\n\n<p class=\"has-palette-color-8-color has-text-color\"><br>Ihre Angaben werden automationsunterst\u00fctzt f\u00fcr die Belange der Kundenbetreuung, der Forderungseintreibung und zu Marketingzwecken verarbeitet und daher auch an Dritte (z. B. Zustelldienste, Post, Gerichte, Anw\u00e4lte, Notare, Sachwalter etc.) weitergegeben. Die von Ihnen \u00fcber die Website oder per E-Mail zugesandten personenbezogenen Daten (u.a. Name, Adresse, E-Mailadresse) werden nur zur Korrespondenz mit Ihnen und nur f\u00fcr den Zweck, zu dem Sie uns die Daten zur Verf\u00fcgung gestellt haben, im Sinne des Datenschutzgesetztes verwendet.<\/p>\n\n\n\n<p class=\"has-palette-color-8-color has-text-color\"><br>Hiermit erkl\u00e4ren Sie sich ausdr\u00fccklich damit einverstanden, dass die von Ihnen bekanntgegebenen Daten an andere \u00fcbermittelt werden, wenn dies zur Erreichung des Zwecks, zu dem Sie uns Ihre Daten zur Verf\u00fcung gestellt haben erforderlich ist. Wir sichern Ihre Daten mit allen uns zur Verf\u00fcgung stehenden Mitteln vor unzul\u00e4ssigem Zugriff, vor Verlust und Ver\u00e4nderung. Die Daten werden nicht an Dritte weitergegeben, au\u00dfer es ist zu den Zwecken der schiedsrichterlichen T\u00e4tigkeit notwendig (siehe oben). Sie haben das Recht, diese Einverst\u00e4ndniserkl\u00e4rung jederzeit schriftlich zu widerrufen.<\/p>\n\n\n\n<p class=\"has-palette-color-8-color has-text-color\"><br>Der&nbsp;Widerruf&nbsp;ist zu richten an: Mag. Alexander Kirchmauer, Lassingrotte 17, 3222 Annaberg. Wir bitten jedoch um Verst\u00e4ndnis, dass wir dann keine Mandante mehr angenommen werden k\u00f6nnen. Wir sichern unsere Website und sonstigen Systeme durch technische und organisatorische Ma\u00dfnahmen gegen Verlust, Zerst\u00f6rung, Zugriff, Ver\u00e4nderung oder Verbreitung Ihrer Daten durch unbefugte Personen. Trotz regelm\u00e4\u00dfiger Kontrollen ist ein vollst\u00e4ndiger Schutz gegen alle Gefahren jedoch nicht m\u00f6glich. Nach dem Datenschutzgesetz haben Sie ein Recht auf unentgeltliche Auskunft \u00fcber die gespeicherten Daten sowie ggf. ein Recht auf Richtigstellung und L\u00f6schung dieser Daten.<br><br>Auskunftsrecht\/Sperrung\/L\u00f6schung:&nbsp;Der Auftraggeber hat jederzeit das Recht auf kostenlose Auskunft, Berichtigung, Sperrung und L\u00f6schung seiner gespeicherten Daten. Anfragen k\u00f6nnen uns in dieser Angelegenheit in schriftlicher Form postalisch an den im Impressum angegebenen Firmensitz kontaktieren. Dieses Recht ist nur insofern eingeschr\u00e4nkt, als wir die L\u00f6schung zur Wahrung unserer Anspr\u00fcche aussetzen k\u00f6nnen.<br><br>Die Kunden des Schiedsrichters erkl\u00e4ren, die jeweils geltenden Datenschutzbestimmungen einzuhalten und so etwa die Einwilligung ihrer Kunden zur Verarbeitung ihrer Daten eingeholt zu haben, sodass eine Verarbeitung der Daten der Kunden unserer Auftraggeber zum Zwecke der schiedsrichterlichen T\u00e4tigkeit nichts im Wege steht.<\/p>\n<\/div><\/div><\/div>\n<\/div><div class=\"stk-separator stk-separator__bottom\"><div class=\"stk-separator__wrapper\"><svg xmlns=\"http:\/\/www.w3.org\/2000\/svg\" viewBox=\"0 0 1600 200\" class=\"stk-separator__layer-1\" preserveAspectRatio=\"none\" aria-hidden=\"true\"><path class=\"slant-2_svg__st1\" d=\"M1610 39.2V209H-10V39.2l810 118.9 810-118.9z\"><\/path><\/svg><\/div><\/div><\/div>\n","protected":false},"excerpt":{"rendered":"<p>Trotz sorgf\u00e4ltiger inhaltlicher Kontrolle \u00fcbernehmen wir keine Haftung f\u00fcr die Inhalte externer Links. F\u00fcr den Inhalt der verlinkten Seiten sind ausschlie\u00dflich deren Betreiber verantwortlich. Diese Website benutzt Google Analytics, einen Webanalysedienst der Google Inc. (\u201eGoogle\u201c). Google Analytics verwendet sog. \u201eCookies\u201c, Textdateien, die auf Ihrem Computer gespeichert werden und die eine Analyse der Benutzung der Website durch Sie erm\u00f6glichen. Die durch den Cookie erzeugten Informationen \u00fcber Ihre Benutzung dieser Website (einschlie\u00dflich Ihrer IP-Adresse) wird an einen Server von Google in den USA \u00fcbertragen und dort gespeichert. Google wird diese Informationen benutzen, um Ihre Nutzung der Website auszuwerten, um Reports \u00fcber die\u2026<\/p>\n","protected":false},"author":1,"featured_media":0,"parent":0,"menu_order":0,"comment_status":"closed","ping_status":"closed","template":"","meta":[],"blocksy_meta":"","featured_image_urls":{"full":"","thumbnail":"","medium":"","medium_large":"","large":"","1536x1536":"","2048x2048":""},"post_excerpt_stackable":"<p>Trotz sorgf\u00e4ltiger inhaltlicher Kontrolle \u00fcbernehmen wir keine Haftung f\u00fcr die Inhalte externer Links. F\u00fcr den Inhalt der verlinkten Seiten sind ausschlie\u00dflich deren Betreiber verantwortlich. Diese Website benutzt Google Analytics, einen Webanalysedienst der Google Inc. (\u201eGoogle\u201c). Google Analytics verwendet sog. \u201eCookies\u201c, Textdateien, die auf Ihrem Computer gespeichert werden und die eine Analyse der Benutzung der Website durch Sie erm\u00f6glichen. Die durch den Cookie erzeugten Informationen \u00fcber Ihre Benutzung dieser Website (einschlie\u00dflich Ihrer IP-Adresse) wird an einen Server von Google in den USA \u00fcbertragen und dort gespeichert. Google wird diese Informationen benutzen, um Ihre Nutzung der Website auszuwerten, um Reports \u00fcber die&hellip;<\/p>\n","category_list":"","author_info":{"name":"natalia.kaniak@stianmedia.pl","url":"https:\/\/www.anwaltsportal.at\/index.php\/author\/natalia-kaniakstianmedia-pl\/"},"comments_num":"0 comments","_links":{"self":[{"href":"https:\/\/www.anwaltsportal.at\/index.php\/wp-json\/wp\/v2\/pages\/87"}],"collection":[{"href":"https:\/\/www.anwaltsportal.at\/index.php\/wp-json\/wp\/v2\/pages"}],"about":[{"href":"https:\/\/www.anwaltsportal.at\/index.php\/wp-json\/wp\/v2\/types\/page"}],"author":[{"embeddable":true,"href":"https:\/\/www.anwaltsportal.at\/index.php\/wp-json\/wp\/v2\/users\/1"}],"replies":[{"embeddable":true,"href":"https:\/\/www.anwaltsportal.at\/index.php\/wp-json\/wp\/v2\/comments?post=87"}],"version-history":[{"count":0,"href":"https:\/\/www.anwaltsportal.at\/index.php\/wp-json\/wp\/v2\/pages\/87\/revisions"}],"wp:attachment":[{"href":"https:\/\/www.anwaltsportal.at\/index.php\/wp-json\/wp\/v2\/media?parent=87"}],"curies":[{"name":"wp","href":"https:\/\/api.w.org\/{rel}","templated":true}]}}