{"id":2,"date":"2023-04-03T11:14:05","date_gmt":"2023-04-03T09:14:05","guid":{"rendered":"https:\/\/www.anwaltsportal.at\/?page_id=2"},"modified":"2023-04-17T08:12:36","modified_gmt":"2023-04-17T06:12:36","slug":"mail","status":"publish","type":"page","link":"https:\/\/www.anwaltsportal.at\/","title":{"rendered":"Home"},"content":{"rendered":"\n<div class=\"wp-block-stackable-columns alignfull stk-block-columns stk-has-bottom-separator stk-block stk-fed4be4 stk-block-background stk--has-background-overlay\" data-block-id=\"fed4be4\"><style>.stk-fed4be4{background-color:var(--paletteColor1,#1C32C4) !important;background-image:url(https:\/\/www.anwaltsportal.at\/wp-content\/uploads\/2023\/04\/bcg.svg) !important;min-height:80vh !important;margin-bottom:0px !important}.stk-fed4be4:before{background-color:var(--paletteColor1,#1C32C4) !important;opacity:0.7 !important}.stk-fed4be4 > .stk-separator__bottom svg{fill:var(--paletteColor1,#1C32C4) !important}<\/style><div class=\"stk-row stk-inner-blocks stk-block-content stk-content-align stk-fed4be4-column alignfull\">\n<div class=\"wp-block-stackable-column stk-block-column stk-block-column--v3 stk-column stk-block-column--v2 stk-block stk-fca7388\" data-block-id=\"fca7388\"><div class=\"stk-column-wrapper stk-block-column__content stk-container stk-fca7388-container stk--no-background stk--no-padding\"><div class=\"stk-block-content stk-inner-blocks stk-fca7388-inner-blocks\">\n<div class=\"wp-block-stackable-spacer stk-block-spacer stk--no-padding stk-block stk-27b6fd6\" data-block-id=\"27b6fd6\"><style>.stk-27b6fd6{height:50px !important}<\/style><\/div>\n\n\n\n<div class=\"wp-block-stackable-columns stk-block-columns stk-block stk-99e5efa\" data-block-id=\"99e5efa\"><style>.stk-99e5efa{max-width:80% !important;margin-right:auto !important;margin-bottom:50px !important;margin-left:auto !important}@media screen and (max-width:1023px){.stk-99e5efa{max-width:80% !important}}@media screen and (max-width:767px){.stk-99e5efa{max-width:90% !important}}<\/style><div class=\"stk-row stk-inner-blocks stk-block-content stk-content-align stk-99e5efa-column\">\n<div class=\"wp-block-stackable-column stk-block-column stk-block-column--v3 stk-column stk-block-column--v2 stk-block stk-5738445\" data-block-id=\"5738445\"><style>.stk-5738445{align-self:center !important}<\/style><div class=\"stk-column-wrapper stk-block-column__content stk-container stk-5738445-container stk--no-background stk--no-padding\"><div class=\"has-text-align-center stk-block-content stk-inner-blocks stk-5738445-inner-blocks\">\n<div class=\"wp-block-stackable-heading stk-block-heading stk-block-heading--v2 stk-block stk-1660280\" id=\"sie-brauchen-eine-anwaltin-oder-einen-anwalt-wissen-aber-nicht-welche-bzw-welchen\" data-block-id=\"1660280\"><style>.stk-1660280{padding-top:50px !important;margin-bottom:0px !important}.stk-1660280 .stk-block-heading__text{font-size:35px !important;color:var(--paletteColor8,#ffffff) !important}@media screen and (max-width:1023px){.stk-1660280 .stk-block-heading__text{font-size:35px !important}}<\/style><h1 class=\"stk-block-heading__text has-text-color has-text-align-center\">Sie brauchen eine Anw\u00e4ltin oder einen Anwalt, wissen aber nicht welche bzw. welchen? <\/h1><\/div>\n\n\n\n<div class=\"wp-block-stackable-heading stk-block-heading stk-block-heading--v2 stk-block stk-4c8cf02\" id=\"sie-brauchen-eine-anwaltin-oder-einen-anwalt-wissen-aber-nicht-welche-bzw-welchen-schildern-sie-uns-ihr-rechtsproblem-und-wir-helfen-ihnen-weiter\" data-block-id=\"4c8cf02\"><style>.stk-4c8cf02 .stk-block-heading__text{font-size:25px !important;color:var(--paletteColor8,#ffffff) !important}@media screen and (max-width:1023px){.stk-4c8cf02 .stk-block-heading__text{font-size:25px !important}}<\/style><h2 class=\"stk-block-heading__text has-text-color has-text-align-center\">Schildern Sie uns Ihr Rechtsproblem und wir helfen Ihnen weiter!<\/h2><\/div>\n<\/div><\/div><\/div>\n<\/div><\/div>\n\n\n\n<div class=\"wp-block-stackable-columns stk-block-columns stk-block stk-4cf561a\" data-block-id=\"4cf561a\"><style>.stk-4cf561a{margin-bottom:50px !important}<\/style><div class=\"stk-row stk-inner-blocks stk-block-content stk-content-align stk-4cf561a-column alignfull\">\n<div class=\"wp-block-stackable-column stk-block-column stk-block-column--v3 stk-column stk-block-column--v2 stk-block stk-8dac1e9\" data-block-id=\"8dac1e9\"><style>.stk-8dac1e9{align-self:center !important;max-width:50% !important;margin-right:auto !important;margin-left:auto !important}@media screen and (max-width:767px){.stk-8dac1e9{max-width:100% !important}}<\/style><div class=\"stk-column-wrapper stk-block-column__content stk-container stk-8dac1e9-container stk--no-background stk--no-padding\"><div class=\"has-text-align-left stk-block-content stk-inner-blocks stk-8dac1e9-inner-blocks\"><style id=\"wpforms-css-vars-root\">\n\t\t\t\t:root {\n\t\t\t\t\t--wpforms-field-border-radius: 3px;\n--wpforms-field-background-color: #ffffff;\n--wpforms-field-border-color: rgba( 0, 0, 0, 0.25 );\n--wpforms-field-text-color: rgba( 0, 0, 0, 0.7 );\n--wpforms-label-color: rgba( 0, 0, 0, 0.85 );\n--wpforms-label-sublabel-color: rgba( 0, 0, 0, 0.55 );\n--wpforms-label-error-color: #d63637;\n--wpforms-button-border-radius: 3px;\n--wpforms-button-background-color: #066aab;\n--wpforms-button-text-color: #ffffff;\n--wpforms-field-size-input-height: 43px;\n--wpforms-field-size-input-spacing: 15px;\n--wpforms-field-size-font-size: 16px;\n--wpforms-field-size-line-height: 19px;\n--wpforms-field-size-padding-h: 14px;\n--wpforms-field-size-checkbox-size: 16px;\n--wpforms-field-size-sublabel-spacing: 5px;\n--wpforms-field-size-icon-size: 1;\n--wpforms-label-size-font-size: 16px;\n--wpforms-label-size-line-height: 19px;\n--wpforms-label-size-sublabel-font-size: 14px;\n--wpforms-label-size-sublabel-line-height: 17px;\n--wpforms-button-size-font-size: 17px;\n--wpforms-button-size-height: 41px;\n--wpforms-button-size-padding-h: 15px;\n--wpforms-button-size-margin-top: 10px;\n\n\t\t\t\t}\n\t\t\t<\/style><div class=\"wpforms-container wpforms-block wpforms-block-ab08b869-d073-4596-9eda-a98d2fc7e078 wpforms-render-modern\" id=\"wpforms-28\"><form id=\"wpforms-form-28\" class=\"wpforms-validate wpforms-form\" data-formid=\"28\" method=\"post\" enctype=\"multipart\/form-data\" action=\"\/index.php\/wp-json\/wp\/v2\/pages\/2\" data-token=\"38646ea9e14af30dbd8dee312b5e90f8\"><noscript class=\"wpforms-error-noscript\">Aby wype\u0142ni\u0107 ten formularz, w\u0142\u0105cz obs\u0142ug\u0119 JavaScript w przegl\u0105darce.<\/noscript><div class=\"wpforms-hidden\" id=\"wpforms-error-noscript\">Aby wype\u0142ni\u0107 ten formularz, w\u0142\u0105cz obs\u0142ug\u0119 JavaScript w przegl\u0105darce.<\/div><div class=\"wpforms-field-container\"><div id=\"wpforms-28-field_15-container\" class=\"wpforms-field wpforms-field-name\" data-field-id=\"15\"><fieldset><legend class=\"wpforms-field-label\">Ihre Kontakdaten <span class=\"wpforms-required-label\" aria-hidden=\"true\">*<\/span><\/legend><div class=\"wpforms-field-row wpforms-field-medium\"><div class=\"wpforms-field-row-block wpforms-first wpforms-one-half\"><input type=\"text\" id=\"wpforms-28-field_15\" class=\"wpforms-field-name-first wpforms-field-required\" name=\"wpforms[fields][15][first]\" placeholder=\"Vorname\" aria-errormessage=\"wpforms-28-field_15-error\" required><label for=\"wpforms-28-field_15\" class=\"wpforms-field-sublabel after \">Imi\u0119<\/label><\/div><div class=\"wpforms-field-row-block wpforms-one-half\"><input type=\"text\" id=\"wpforms-28-field_15-last\" class=\"wpforms-field-name-last wpforms-field-required\" name=\"wpforms[fields][15][last]\" placeholder=\"Nachname\" aria-errormessage=\"wpforms-28-field_15-last-error\" required><label for=\"wpforms-28-field_15-last\" class=\"wpforms-field-sublabel after \">Nazwisko<\/label><\/div><\/div><\/fieldset><\/div><div id=\"wpforms-28-field_1-container\" class=\"wpforms-field wpforms-field-email\" data-field-id=\"1\"><label class=\"wpforms-field-label\" for=\"wpforms-28-field_1\">E-Mail <span class=\"wpforms-required-label\" aria-hidden=\"true\">*<\/span><\/label><input type=\"email\" id=\"wpforms-28-field_1\" class=\"wpforms-field-medium wpforms-field-required\" name=\"wpforms[fields][1]\" placeholder=\"z.B. hansmeier@gmail.com\" spellcheck=\"false\" aria-errormessage=\"wpforms-28-field_1-error\" required><\/div><div id=\"wpforms-28-field_8-container\" class=\"wpforms-field wpforms-field-text\" data-field-id=\"8\"><label class=\"wpforms-field-label\" for=\"wpforms-28-field_8\">Firma<\/label><input type=\"text\" id=\"wpforms-28-field_8\" class=\"wpforms-field-medium\" name=\"wpforms[fields][8]\" aria-errormessage=\"wpforms-28-field_8-error\" ><\/div><div id=\"wpforms-28-field_5-container\" class=\"wpforms-field wpforms-field-text\" data-field-id=\"5\"><label class=\"wpforms-field-label\" for=\"wpforms-28-field_5\">Adresse<\/label><input type=\"text\" id=\"wpforms-28-field_5\" class=\"wpforms-field-medium\" name=\"wpforms[fields][5]\" aria-errormessage=\"wpforms-28-field_5-error\" ><\/div><div id=\"wpforms-28-field_7-container\" class=\"wpforms-field wpforms-field-number\" data-field-id=\"7\"><label class=\"wpforms-field-label\" for=\"wpforms-28-field_7\">Telefon<\/label><input type=\"number\" pattern=\"\\d*\" id=\"wpforms-28-field_7\" class=\"wpforms-field-medium\" name=\"wpforms[fields][7]\" aria-errormessage=\"wpforms-28-field_7-error\" ><\/div><div id=\"wpforms-28-field_2-container\" class=\"wpforms-field wpforms-field-textarea\" data-field-id=\"2\"><label class=\"wpforms-field-label\" for=\"wpforms-28-field_2\">Nachricht <span class=\"wpforms-required-label\" aria-hidden=\"true\">*<\/span><\/label><textarea id=\"wpforms-28-field_2\" class=\"wpforms-field-medium wpforms-field-required\" name=\"wpforms[fields][2]\" aria-errormessage=\"wpforms-28-field_2-error\" required><\/textarea><\/div><div id=\"wpforms-28-field_11-container\" class=\"wpforms-field wpforms-field-checkbox\" data-field-id=\"11\"><fieldset><legend class=\"wpforms-field-label wpforms-label-hide\" aria-hidden=\"false\">Pflichtfeld <span class=\"wpforms-required-label\" aria-hidden=\"true\">*<\/span><\/legend><ul id=\"wpforms-28-field_11\" class=\"wpforms-field-required\"><li class=\"choice-1 depth-1\"><input type=\"checkbox\" id=\"wpforms-28-field_11_1\" name=\"wpforms[fields][11][]\" value=\"Ich habe die Datenschutzbestimmungen zur Kenntnis genommen\" aria-errormessage=\"wpforms-28-field_11_1-error\" required ><label class=\"wpforms-field-label-inline\" for=\"wpforms-28-field_11_1\">Ich habe die Datenschutzbestimmungen zur Kenntnis genommen<\/label><\/li><\/ul><\/fieldset><\/div><\/div><!-- .wpforms-field-container --><div class=\"wpforms-recaptcha-container wpforms-is-recaptcha\" ><div class=\"g-recaptcha\" data-sitekey=\"6LcevoglAAAAAM0k-oDPwFoWk3zmwvCUfui7GxRx\" data-size=\"invisible\"><\/div><\/div><div class=\"wpforms-submit-container\" ><input type=\"hidden\" name=\"wpforms[id]\" value=\"28\"><input type=\"hidden\" name=\"wpforms[author]\" value=\"1\"><button type=\"submit\" name=\"wpforms[submit]\" id=\"wpforms-submit-28\" class=\"wpforms-submit\" data-alt-text=\"Ihre Nachricht wird gerade versendet\" data-submit-text=\"Senden Sie uns Ihre Anfrage\" aria-live=\"assertive\" value=\"wpforms-submit\">Senden Sie uns Ihre Anfrage<\/button><\/div><\/form><\/div>  <!-- .wpforms-container --><\/div><\/div><\/div>\n<\/div><\/div>\n<\/div><\/div><\/div>\n<\/div><div class=\"stk-separator stk-separator__bottom\"><div class=\"stk-separator__wrapper\"><svg xmlns=\"http:\/\/www.w3.org\/2000\/svg\" viewBox=\"0 0 1600 200\" class=\"stk-separator__layer-1\" preserveAspectRatio=\"none\" aria-hidden=\"true\"><path class=\"slant-2_svg__st1\" d=\"M1610 39.2V209H-10V39.2l810 118.9 810-118.9z\"><\/path><\/svg><\/div><\/div><\/div>\n\n\n\n<div class=\"wp-block-stackable-columns aligncenter stk-block-columns stk-block stk-fa60e5a\" data-block-id=\"fa60e5a\"><style>.stk-fa60e5a{max-width:80% !important;margin-right:auto !important;margin-left:auto !important}@media screen and (max-width:1023px){.stk-fa60e5a{max-width:90% !important}}@media screen and (max-width:767px){.stk-fa60e5a{max-width:100% !important}}<\/style><div class=\"stk-row stk-inner-blocks stk-block-content stk-content-align stk-fa60e5a-column\">\n<div class=\"wp-block-stackable-column stk-block-column stk-block-column--v3 stk-column stk-block-column--v2 stk-block stk-a1f86f0\" data-block-id=\"a1f86f0\"><style>@media screen and (max-width:1023px){.stk-a1f86f0{max-width:80% !important}}@media screen and (max-width:767px){.stk-a1f86f0{max-width:100% !important}}<\/style><div class=\"stk-column-wrapper stk-block-column__content stk-container stk-a1f86f0-container stk--no-background stk--no-padding\"><div class=\"stk-block-content stk-inner-blocks stk-a1f86f0-inner-blocks\">\n<div class=\"wp-block-stackable-heading stk-block-heading stk-block-heading--v2 stk-block stk-c286a27\" id=\"mit-dem-anwalt-bzw-der-anwaltin-ist-es-nicht-viel-anders-als-mit-der-arztin-nicht-alle-konnen-alles-wenn-ihnen-die-augen-weh-tun-gehen-sie-auch-nicht-zum-ohrenarzt\" data-block-id=\"c286a27\"><style>.stk-c286a27 .stk-block-heading__text{color:var(--paletteColor8,#ffffff) !important;font-weight:bold !important}<\/style><h2 class=\"stk-block-heading__text has-text-color\">Mit dem Anwalt bzw. der Anw\u00e4ltin ist es nicht viel anders als mit der \u00c4rztin: Nicht alle k\u00f6nnen alles. Wenn Ihnen die Augen weh tun, gehen Sie auch nicht zum Ohrenarzt. <\/h2><\/div>\n\n\n\n<div class=\"wp-block-stackable-heading stk-block-heading stk-block-heading--v2 stk-block stk-c6a053d\" id=\"mit-dem-anwalt-bzw-der-anwaltin-ist-es-nicht-viel-anders-als-mit-der-arztin-nicht-alle-konnen-alles-wenn-ihnen-die-augen-weh-tun-gehen-sie-auch-nicht-zum-ohrenarzt-bei-den-arzt-innen-ist-das-jeder-und-jedem-vollig-klar-bei-den-anwalt-innen-eher-nicht-viele-rechtssuchende-wissen-nicht-wer-der-oder-die-richtige-ansprechpartnerin-fur-ihr-rechtliches-problem-ist-noch-weniger-wissen-sie-wie-man-den-oder-die-richtige-findet-die-meisten-suchen-einfach-im-internet-und-nehmen-den-oder-die-erstbeste-aber-nicht-nur-menschen-die-keine-erfahrung-mit-recht-oder-gerichten-haben-geht-es-so-selbst-kleineren-oder-grosseren-rechtsabteilungen-von-unternehmen-ist-nicht-bewusst-dass-die-wahl-der-richtigen-anwaltin-bereits-vorentscheidend-sein-kann\" data-block-id=\"c6a053d\"><style>.stk-c6a053d .stk-block-heading__text{color:var(--paletteColor8,#ffffff) !important;font-weight:bold !important}<\/style><h5 class=\"stk-block-heading__text has-text-color\">Bei den \u00c4rzt:innen ist das jeder und jedem v\u00f6llig klar, bei den Anw\u00e4lt:innen eher nicht. Viele Rechtssuchende wissen nicht, wer der oder die richtige Ansprechpartnerin f\u00fcr ihr rechtliches Problem ist. Noch weniger wissen Sie, wie man den oder die Richtige findet. Die meisten suchen einfach im Internet und nehmen den oder die Erstbeste. Aber nicht nur Menschen, die keine Erfahrung mit Recht oder Gerichten haben, geht es so, selbst kleineren (oder gr\u00f6\u00dferen) Rechtsabteilungen von Unternehmen ist nicht bewusst, dass die Wahl der richtigen Anw\u00e4ltin bereits vorentscheidend sein kann. <\/h5><\/div>\n<\/div><\/div><\/div>\n\n\n\n<div class=\"wp-block-stackable-column stk-block-column stk-block-column--v3 stk-column stk-block-column--v2 stk-block stk-01d1ee6\" data-block-id=\"01d1ee6\"><div class=\"stk-column-wrapper stk-block-column__content stk-container stk-01d1ee6-container stk--no-background stk--no-padding\"><div class=\"stk-block-content stk-inner-blocks stk-01d1ee6-inner-blocks\">\n<div class=\"wp-block-stackable-image stk-block-image stk-block stk-836893c\" data-block-id=\"836893c\"><style>.stk-836893c{border-style:solid !important}.stk-836893c .stk-img-wrapper img{filter:grayscale(1) !important}.stk-836893c .stk-img-wrapper::after{background-color:var(--paletteColor1,#1C32C4) !important}.stk-836893c .stk-img-wrapper{--stk-gradient-overlay:0.2 !important}<\/style><figure class=\"stk-img-wrapper stk-image--shape-stretch\"><img decoding=\"async\" loading=\"lazy\" class=\"stk-img wp-image-270\" src=\"https:\/\/www.anwaltsportal.at\/wp-content\/uploads\/2023\/04\/mecenaska.jpg\" width=\"820\" height=\"922\"\/><\/figure><\/div>\n<\/div><\/div><\/div>\n<\/div><\/div>\n\n\n\n<div class=\"wp-block-stackable-columns aligncenter stk-block-columns stk-block stk-7ea2889\" data-block-id=\"7ea2889\"><style>.stk-7ea2889{max-width:80% !important;margin-right:auto !important;margin-left:auto !important}@media screen and (max-width:767px){.stk-7ea2889{max-width:100% !important}}<\/style><div class=\"stk-row stk-inner-blocks stk-block-content stk-content-align stk-7ea2889-column\">\n<div class=\"wp-block-stackable-column stk-block-column stk-block-column--v3 stk-column stk-block-column--v2 stk-block stk-7db0a3f\" data-block-id=\"7db0a3f\"><div class=\"stk-column-wrapper stk-block-column__content stk-container stk-7db0a3f-container stk--no-background stk--no-padding\"><div class=\"stk-block-content stk-inner-blocks stk-7db0a3f-inner-blocks\">\n<div class=\"wp-block-stackable-text stk-block-text stk-block stk-0e66df9\" data-block-id=\"0e66df9\"><style>.stk-0e66df9{padding-top:12px !important;padding-right:12px !important;padding-bottom:12px !important;padding-left:12px !important;column-count:2 !important}@media screen and (max-width:1023px){.stk-0e66df9{column-count:1 !important}}@media screen and (max-width:767px){.stk-0e66df9{column-count:1 !important}}<\/style><p class=\"stk-block-text__text\"><strong>Wussten Sie z.B., dass Menschen, denen von der Staatsanwaltschaft eine Straftat vorgeworfen wird, im Rahmen der Verfahrenshilfe einfach den n\u00e4chsten Anwalt &#8222;im Radl&#8221; zugeteilt bekommt? Es kann sein, dass dieser Anwalt noch nie vor einem Strafgericht war, weil er etwa nur Vertr\u00e4ge schreibt (was ja v\u00f6llig in Ordnung ist, f\u00fcr Sie aber nicht passt). Sie wollen keinesfalls in eine solche Situation kommen! W\u00e4hlen Sie den oder die richtige f\u00fcr Sie- wir helfen Ihnen zu finden! Unser Gesch\u00e4ftsf\u00fchrer &#8211; Mag. iur. Alexander Kirchmauer, LL.M., B.A., DipIArb &#8211; war jahrelang selbst mit seiner Kanzlei als Rechtsanwalt t\u00e4tig. Er war vor allem auf Arzthaftung, streitiges Zivilrecht und internationale Handelsschiedsgerichtsbarkeit spezialisiert und ist heute noch als Schiedsrichter t\u00e4tig (siehe <\/strong><a href=\"http:\/\/www.kirchmauer.com\/\"><strong><span style=\"color: var(--paletteColor8, #ffffff);\" class=\"stk-highlight\">www.kirchmauer.com<\/span><\/strong><\/a><strong>). Kontaktierte ihn im Rahmen seiner aktiven Anwaltst\u00e4tigkeit jemand, der Hilfe in einem Vergabeverfahren ben\u00f6tigte oder sich in einem Obsorgestreit befand, empfahl er diejenige Person an einen Kollegen oder eine Kollegin weiter.&nbsp;Alexander Kirchmauer erz\u00e4hlt von diesen Erfahrungen: &#8222;Ich habe bemerkt, dass viele Menschen gar nicht einordnen k\u00f6nnen, wo sie gerade mit ihrem Problem stehen oder vielleicht sogar was das Problem ist, geschweige denn wissen, was zu tun ist oder wer ihnen dabei helfen kann. Ich habe mir immer f\u00fcr jeden und jede Zeit genommen und jene weiterverwiesen, die eine andere Spezialist:innen brauchten&#8221;. Wir glauben, dass das genau die richtige Vorgehensweise ist: sich einen objektiven Rat von unabh\u00e4ngigen und kompetenten Menschen vom Fach holen und sich dann in die richtigen H\u00e4nde begeben. Genau das bieten wir bei <\/strong><a href=\"http:\/\/anwaltsportal.at\/\"><strong><span style=\"color: var(--paletteColor8, #ffffff);\" class=\"stk-highlight\">anwaltsportal.at<\/span><\/strong><\/a><strong>: Schildern Sie uns in einem ersten Schritt Ihr Problem und wir werfen einen ersten &#8211; v\u00f6llig kostenlosen &#8211; Blick darauf! Bei <\/strong><a href=\"http:\/\/anwaltsportal.at\/\"><span style=\"color: var(--paletteColor8, #ffffff);\" class=\"stk-highlight\"><strong>anwaltsportal.at<\/strong><\/span><\/a><strong><span style=\"color: var(--paletteColor8, #ffffff);\" class=\"stk-highlight\"> <\/span>besch\u00e4ftigt sich immer ein Jurist oder eine Juristin mit ihrem Fall- anders bei anderen Anwaltssuchseiten, bei denen Sie Felder ausf\u00fcllen und dann ein Logarithmus einen Anwalt oder eine Anw\u00e4ltin aus einer vorgegebenen Datenbank vorschl\u00e4gt. Das ist nat\u00fcrlich auch in Ordnung, aber wir bieten halt das korrespondierende Premiumprodukt. Nachdem Sie uns Ihr Rechtsproblem geschildert haben, kontaktieren wir Sie und besprechen die weitere Vorgehensweise. Entweder kennen wir bereits den oder die richtige f\u00fcr Sie oder wir machen uns auf die Suche und f\u00fchren Gespr\u00e4che. Sollten wir nichts Anderes vereinbaren, kostet unsere T\u00e4tigkeit EUR 100 netto pro angefangener halber Stunde. Bitte beachten Sie, dass wir keine rechtliche Beratung bieten, also Ihren Fall nicht inhaltlich bewerten oder Sie diesbez\u00fcglich beraten. Die rechtliche Beratung bleibt (aktiven) Rechtsanw\u00e4lt:innen vorbehalten.<\/strong><\/p><\/div>\n<\/div><\/div><\/div>\n<\/div><\/div>\n\n\n\n<div class=\"wp-block-stackable-spacer stk-block-spacer stk--no-padding stk-block stk-7807345\" data-block-id=\"7807345\"><style>.stk-7807345{height:100px !important}<\/style><\/div>\n","protected":false},"excerpt":{"rendered":"<p>Sie brauchen eine Anw\u00e4ltin oder einen Anwalt, wissen aber nicht welche bzw. welchen? Schildern Sie uns Ihr Rechtsproblem und wir helfen Ihnen weiter! Mit dem Anwalt bzw. der Anw\u00e4ltin ist es nicht viel anders als mit der \u00c4rztin: Nicht alle k\u00f6nnen alles. Wenn Ihnen die Augen weh tun, gehen Sie auch nicht zum Ohrenarzt. Bei den \u00c4rzt:innen ist das jeder und jedem v\u00f6llig klar, bei den Anw\u00e4lt:innen eher nicht. Viele Rechtssuchende wissen nicht, wer der oder die richtige Ansprechpartnerin f\u00fcr ihr rechtliches Problem ist. Noch weniger wissen Sie, wie man den oder die Richtige findet. Die meisten suchen einfach im\u2026<\/p>\n","protected":false},"author":1,"featured_media":0,"parent":0,"menu_order":0,"comment_status":"closed","ping_status":"closed","template":"","meta":[],"blocksy_meta":"","featured_image_urls":{"full":"","thumbnail":"","medium":"","medium_large":"","large":"","1536x1536":"","2048x2048":""},"post_excerpt_stackable":"<p>Sie brauchen eine Anw\u00e4ltin oder einen Anwalt, wissen aber nicht welche bzw. welchen? Schildern Sie uns Ihr Rechtsproblem und wir helfen Ihnen weiter! Aby wype\u0142ni\u0107 ten formularz, w\u0142\u0105cz obs\u0142ug\u0119 JavaScript w przegl\u0105darce.Aby wype\u0142ni\u0107 ten formularz, w\u0142\u0105cz obs\u0142ug\u0119 JavaScript w przegl\u0105darce.Ihre Kontakdaten *Imi\u0119NazwiskoE-Mail *FirmaAdresseTelefonNachricht *Pflichtfeld *Ich habe die Datenschutzbestimmungen zur Kenntnis genommenSenden Sie uns Ihre Anfrage Mit dem Anwalt bzw. der Anw\u00e4ltin ist es nicht viel anders als mit der \u00c4rztin: Nicht alle k\u00f6nnen alles. Wenn Ihnen die Augen weh tun, gehen Sie auch nicht zum Ohrenarzt. Bei den \u00c4rzt:innen ist das jeder und jedem v\u00f6llig klar, bei den Anw\u00e4lt:innen eher&hellip;<\/p>\n","category_list":"","author_info":{"name":"natalia.kaniak@stianmedia.pl","url":"https:\/\/www.anwaltsportal.at\/index.php\/author\/natalia-kaniakstianmedia-pl\/"},"comments_num":"0 comments","_links":{"self":[{"href":"https:\/\/www.anwaltsportal.at\/index.php\/wp-json\/wp\/v2\/pages\/2"}],"collection":[{"href":"https:\/\/www.anwaltsportal.at\/index.php\/wp-json\/wp\/v2\/pages"}],"about":[{"href":"https:\/\/www.anwaltsportal.at\/index.php\/wp-json\/wp\/v2\/types\/page"}],"author":[{"embeddable":true,"href":"https:\/\/www.anwaltsportal.at\/index.php\/wp-json\/wp\/v2\/users\/1"}],"replies":[{"embeddable":true,"href":"https:\/\/www.anwaltsportal.at\/index.php\/wp-json\/wp\/v2\/comments?post=2"}],"version-history":[{"count":7,"href":"https:\/\/www.anwaltsportal.at\/index.php\/wp-json\/wp\/v2\/pages\/2\/revisions"}],"predecessor-version":[{"id":276,"href":"https:\/\/www.anwaltsportal.at\/index.php\/wp-json\/wp\/v2\/pages\/2\/revisions\/276"}],"wp:attachment":[{"href":"https:\/\/www.anwaltsportal.at\/index.php\/wp-json\/wp\/v2\/media?parent=2"}],"curies":[{"name":"wp","href":"https:\/\/api.w.org\/{rel}","templated":true}]}}