{"id":176,"date":"2023-04-05T16:24:51","date_gmt":"2023-04-05T14:24:51","guid":{"rendered":"https:\/\/www.anwaltsportal.at\/?page_id=176"},"modified":"2023-04-26T15:22:05","modified_gmt":"2023-04-26T13:22:05","slug":"blog","status":"publish","type":"page","link":"https:\/\/www.anwaltsportal.at\/index.php\/blog\/","title":{"rendered":"Blog"},"content":{"rendered":"\n<div class=\"wp-block-stackable-spacer stk-block-spacer stk--no-padding stk-block stk-5d9efd1\" data-block-id=\"5d9efd1\"><style>.stk-5d9efd1{height:200px !important}<\/style><\/div>\n\n\n\n<div class=\"wp-block-stackable-posts stk-block-posts stk-block stk-ea7d2c9 is-style-default\" data-block-id=\"ea7d2c9\"><style>.stk-ea7d2c9{margin-bottom:100px !important;--stk-columns:3 !important}.stk-ea7d2c9-container{border-style:solid !important;padding-top:2em !important;padding-right:2em !important;padding-bottom:2em !important;padding-left:2em !important}.stk-ea7d2c9 .stk-img-wrapper{width:100% !important;height:30vh !important}.stk-ea7d2c9 .stk-block-posts__title a{color:var(--paletteColor8,#ffffff) !important;font-weight:bold !important;font-family:\"Poppins\",Sans-serif !important}.stk-ea7d2c9 .stk-block-posts__readmore{color:var(--paletteColor8,#ffffff) !important;font-weight:bold !important}<\/style><div class=\"stk-inner-blocks stk-content-align stk-ea7d2c9-column\"><div class=\"stk-block-posts__items\"><div class=\"stk-block-posts__item\"><div class=\"stk-container stk-ea7d2c9-container stk--no-background stk--no-padding\"><article><a href=\"https:\/\/www.anwaltsportal.at\/index.php\/2023\/05\/29\/arzthaftung-und-durchsetzung-von-schadenersatzanspruche-gegen-arztinnen\/\" class=\"stk-block-posts__image-link\"><figure class=\"stk-img-wrapper stk-image--shape-stretch\"><img width=\"864\" height=\"1280\" src=\"https:\/\/www.anwaltsportal.at\/wp-content\/uploads\/2023\/05\/child-gb8f5ffc5f_1280bw.png\" class=\"attachment-full size-full wp-post-image\" alt=\"\" decoding=\"async\" loading=\"lazy\" width=\"864\" height=\"1280\" srcset=\"https:\/\/www.anwaltsportal.at\/wp-content\/uploads\/2023\/05\/child-gb8f5ffc5f_1280bw.png 864w, https:\/\/www.anwaltsportal.at\/wp-content\/uploads\/2023\/05\/child-gb8f5ffc5f_1280bw-203x300.png 203w, https:\/\/www.anwaltsportal.at\/wp-content\/uploads\/2023\/05\/child-gb8f5ffc5f_1280bw-691x1024.png 691w, https:\/\/www.anwaltsportal.at\/wp-content\/uploads\/2023\/05\/child-gb8f5ffc5f_1280bw-768x1138.png 768w\" sizes=\"(max-width: 864px) 100vw, 864px\" \/><\/figure><\/a><h3 class=\"stk-block-posts__title has-text-align-left has-text-color\"><a href='https:\/\/www.anwaltsportal.at\/index.php\/2023\/05\/29\/arzthaftung-und-durchsetzung-von-schadenersatzanspruche-gegen-arztinnen\/'>Arzthaftung und Durchsetzung von Schadenersatzanspr\u00fcche gegen \u00c4rzt:innen<\/a><\/h3><div class=\"stk-block-posts__excerpt\"><p>Arzthaftung und Durchsetzung von Schadenersatzanspr\u00fcche gegen \u00c4rzt:innen Die medizinische Versorgung ist von gro\u00dfer Bedeutung f\u00fcr die Gesellschaft, und die meisten \u00c4rzt:innen erf\u00fcllen ihre Aufgaben gewissenhaft und kompetent. Dennoch kann es&#8230;<\/div><a class=\"stk-block-posts__readmore has-text-color\" href=\"https:\/\/www.anwaltsportal.at\/index.php\/2023\/05\/29\/arzthaftung-und-durchsetzung-von-schadenersatzanspruche-gegen-arztinnen\/\">Lesen<\/a><\/article><\/div><\/div><div class=\"stk-block-posts__item\"><div class=\"stk-container stk-ea7d2c9-container stk--no-background stk--no-padding\"><article><a href=\"https:\/\/www.anwaltsportal.at\/index.php\/2023\/05\/11\/worauf-muss-ich-achten-wenn-ich-einen-anwalt-eine-anwaltin-fur-arbeitsrecht-auswahle-2\/\" class=\"stk-block-posts__image-link\"><figure class=\"stk-img-wrapper stk-image--shape-stretch\"><img width=\"1280\" height=\"845\" src=\"https:\/\/www.anwaltsportal.at\/wp-content\/uploads\/2023\/05\/architecture-g55b47e43b_1280.jpg\" class=\"attachment-full size-full wp-post-image\" alt=\"\" decoding=\"async\" loading=\"lazy\" width=\"1280\" height=\"845\" \/><\/figure><\/a><h3 class=\"stk-block-posts__title has-text-align-left has-text-color\"><a href='https:\/\/www.anwaltsportal.at\/index.php\/2023\/05\/11\/worauf-muss-ich-achten-wenn-ich-einen-anwalt-eine-anwaltin-fur-arbeitsrecht-auswahle-2\/'>Wie l\u00e4uft ein Zivilprozess in \u00d6sterreich ab?<\/a><\/h3><div class=\"stk-block-posts__excerpt\"><p>Wie l\u00e4uft ein Zivilprozess in \u00d6sterreich ab? Ein Zivilprozess ist ein gerichtliches Verfahren, das zwischen zwei oder mehreren Parteien stattfindet, um eine rechtliche Streitigkeit zu l\u00f6sen. In \u00d6sterreich ist der&#8230;<\/div><a class=\"stk-block-posts__readmore has-text-color\" href=\"https:\/\/www.anwaltsportal.at\/index.php\/2023\/05\/11\/worauf-muss-ich-achten-wenn-ich-einen-anwalt-eine-anwaltin-fur-arbeitsrecht-auswahle-2\/\">Lesen<\/a><\/article><\/div><\/div><div class=\"stk-block-posts__item\"><div class=\"stk-container stk-ea7d2c9-container stk--no-background stk--no-padding\"><article><a href=\"https:\/\/www.anwaltsportal.at\/index.php\/2023\/04\/26\/worauf-muss-ich-achten-wenn-ich-einen-anwalt-eine-anwaltin-fur-arbeitsrecht-auswahle\/\" class=\"stk-block-posts__image-link\"><figure class=\"stk-img-wrapper stk-image--shape-stretch\"><img width=\"1280\" height=\"721\" src=\"https:\/\/www.anwaltsportal.at\/wp-content\/uploads\/2023\/04\/the-labour-code-3520806_1280bw.jpg\" class=\"attachment-full size-full wp-post-image\" alt=\"\" decoding=\"async\" loading=\"lazy\" width=\"1280\" height=\"721\" \/><\/figure><\/a><h3 class=\"stk-block-posts__title has-text-align-left has-text-color\"><a href='https:\/\/www.anwaltsportal.at\/index.php\/2023\/04\/26\/worauf-muss-ich-achten-wenn-ich-einen-anwalt-eine-anwaltin-fur-arbeitsrecht-auswahle\/'>Worauf muss ich achten, wenn ich einen Anwalt\/ eine Anw\u00e4ltin f\u00fcr Arbeitsrecht ausw\u00e4hle?<\/a><\/h3><div class=\"stk-block-posts__excerpt\"><p>Worauf muss ich achten, wenn ich einen Anwalt\/ eine Anw\u00e4ltin f\u00fcr Arbeitsrecht ausw\u00e4hle? Bei der Auswahl eines Anwalts f\u00fcr Arbeitsrecht in \u00d6sterreich sollten Sie auf mehrere Faktoren achten. Hier sind&#8230;<\/div><a class=\"stk-block-posts__readmore has-text-color\" href=\"https:\/\/www.anwaltsportal.at\/index.php\/2023\/04\/26\/worauf-muss-ich-achten-wenn-ich-einen-anwalt-eine-anwaltin-fur-arbeitsrecht-auswahle\/\">Lesen<\/a><\/article><\/div><\/div><div class=\"stk-block-posts__item\"><div class=\"stk-container stk-ea7d2c9-container stk--no-background stk--no-padding\"><article><a href=\"https:\/\/www.anwaltsportal.at\/index.php\/2023\/04\/26\/tytul\/\" class=\"stk-block-posts__image-link\"><figure class=\"stk-img-wrapper stk-image--shape-stretch\"><img width=\"1280\" height=\"914\" src=\"https:\/\/www.anwaltsportal.at\/wp-content\/uploads\/2023\/04\/black-and-white-4140789_1280.jpg\" class=\"attachment-full size-full wp-post-image\" alt=\"divorce\" decoding=\"async\" loading=\"lazy\" width=\"1280\" height=\"914\" \/><\/figure><\/a><h3 class=\"stk-block-posts__title has-text-align-left has-text-color\"><a href='https:\/\/www.anwaltsportal.at\/index.php\/2023\/04\/26\/tytul\/'>Wie laufen Scheidungen in \u00d6sterreich ab?<\/a><\/h3><div class=\"stk-block-posts__excerpt\"><p>Wie laufen Scheidungen in \u00d6sterreich ab? In \u00d6sterreich gibt es zwei Arten von Scheidungsverfahren: einvernehmliche Scheidungen und streitige Scheidungen. Bei einer einvernehmlichen Scheidung haben sich beide Ehepartner bereits auf alle&#8230;<\/div><a class=\"stk-block-posts__readmore has-text-color\" href=\"https:\/\/www.anwaltsportal.at\/index.php\/2023\/04\/26\/tytul\/\">Lesen<\/a><\/article><\/div><\/div><\/div><div class=\"stk-inner-blocks\"><\/div><\/div><\/div>\n","protected":false},"excerpt":{"rendered":"<p>Arzthaftung und Durchsetzung von Schadenersatzanspr\u00fcche gegen \u00c4rzt:innen Arzthaftung und Durchsetzung von Schadenersatzanspr\u00fcche gegen \u00c4rzt:innen Die medizinische Versorgung ist von gro\u00dfer Bedeutung f\u00fcr die Gesellschaft, und die meisten \u00c4rzt:innen erf\u00fcllen ihre Aufgaben gewissenhaft und kompetent. Dennoch kann es&#8230; Lesen Wie l\u00e4uft ein Zivilprozess in \u00d6sterreich ab? Wie l\u00e4uft ein Zivilprozess in \u00d6sterreich ab? Ein Zivilprozess ist ein gerichtliches Verfahren, das zwischen zwei oder mehreren Parteien stattfindet, um eine rechtliche Streitigkeit zu l\u00f6sen. In \u00d6sterreich ist der&#8230; Lesen Worauf muss ich achten, wenn ich einen Anwalt\/ eine Anw\u00e4ltin f\u00fcr Arbeitsrecht ausw\u00e4hle? Worauf muss ich achten, wenn ich einen Anwalt\/ eine Anw\u00e4ltin f\u00fcr\u2026<\/p>\n","protected":false},"author":1,"featured_media":0,"parent":0,"menu_order":0,"comment_status":"closed","ping_status":"closed","template":"","meta":[],"blocksy_meta":"","featured_image_urls":{"full":"","thumbnail":"","medium":"","medium_large":"","large":"","1536x1536":"","2048x2048":""},"post_excerpt_stackable":"<p>Arzthaftung und Durchsetzung von Schadenersatzanspr\u00fcche gegen \u00c4rzt:innenArzthaftung und Durchsetzung von Schadenersatzanspr\u00fcche gegen \u00c4rzt:innen Die medizinische Versorgung ist von gro\u00dfer Bedeutung f\u00fcr die Gesellschaft, und die meisten \u00c4rzt:innen erf\u00fcllen ihre Aufgaben gewissenhaft und kompetent. Dennoch kann es&#8230;LesenWie l\u00e4uft ein Zivilprozess in \u00d6sterreich ab?Wie l\u00e4uft ein Zivilprozess in \u00d6sterreich ab? Ein Zivilprozess ist ein gerichtliches Verfahren, das zwischen zwei oder mehreren Parteien stattfindet, um eine rechtliche Streitigkeit zu l\u00f6sen. In \u00d6sterreich ist der&#8230;LesenWorauf muss ich achten, wenn ich einen Anwalt\/ eine Anw\u00e4ltin f\u00fcr Arbeitsrecht ausw\u00e4hle?Worauf muss ich achten, wenn ich einen Anwalt\/ eine Anw\u00e4ltin f\u00fcr Arbeitsrecht ausw\u00e4hle? Bei der Auswahl eines Anwalts&hellip;<\/p>\n","category_list":"","author_info":{"name":"natalia.kaniak@stianmedia.pl","url":"https:\/\/www.anwaltsportal.at\/index.php\/author\/natalia-kaniakstianmedia-pl\/"},"comments_num":"0 comments","_links":{"self":[{"href":"https:\/\/www.anwaltsportal.at\/index.php\/wp-json\/wp\/v2\/pages\/176"}],"collection":[{"href":"https:\/\/www.anwaltsportal.at\/index.php\/wp-json\/wp\/v2\/pages"}],"about":[{"href":"https:\/\/www.anwaltsportal.at\/index.php\/wp-json\/wp\/v2\/types\/page"}],"author":[{"embeddable":true,"href":"https:\/\/www.anwaltsportal.at\/index.php\/wp-json\/wp\/v2\/users\/1"}],"replies":[{"embeddable":true,"href":"https:\/\/www.anwaltsportal.at\/index.php\/wp-json\/wp\/v2\/comments?post=176"}],"version-history":[{"count":3,"href":"https:\/\/www.anwaltsportal.at\/index.php\/wp-json\/wp\/v2\/pages\/176\/revisions"}],"predecessor-version":[{"id":296,"href":"https:\/\/www.anwaltsportal.at\/index.php\/wp-json\/wp\/v2\/pages\/176\/revisions\/296"}],"wp:attachment":[{"href":"https:\/\/www.anwaltsportal.at\/index.php\/wp-json\/wp\/v2\/media?parent=176"}],"curies":[{"name":"wp","href":"https:\/\/api.w.org\/{rel}","templated":true}]}}